{"id":3337,"date":"2021-06-16T15:24:30","date_gmt":"2021-06-16T19:24:30","guid":{"rendered":"https:\/\/morinsupply.ca\/?post_type=product&#038;p=3337"},"modified":"2025-10-14T14:17:24","modified_gmt":"2025-10-14T18:17:24","slug":"reparation-de-beton","status":"publish","type":"product","link":"https:\/\/morinsupply.ca\/fr\/products\/reparation-de-beton\/","title":{"rendered":"R\u00e9paration de b\u00e9ton"},"content":{"rendered":"","protected":false},"featured_media":0,"template":"","class_list":["post-3337","product","type-product","status-publish","hentry"],"acf":[],"yoast_head":"<!-- This site is optimized with the Yoast SEO plugin v27.3 - https:\/\/yoast.com\/product\/yoast-seo-wordpress\/ -->\n<title>R\u00e9paration de b\u00e9ton - Mat\u00e9riaux Morin<\/title>\n<meta name=\"robots\" content=\"index, follow, max-snippet:-1, max-image-preview:large, max-video-preview:-1\" \/>\n<link rel=\"canonical\" href=\"https:\/\/morinsupply.ca\/fr\/products\/reparation-de-beton\/\" \/>\n<meta property=\"og:locale\" content=\"fr_FR\" \/>\n<meta property=\"og:type\" content=\"article\" \/>\n<meta property=\"og:title\" content=\"R\u00e9paration de b\u00e9ton - Mat\u00e9riaux Morin\" \/>\n<meta property=\"og:url\" content=\"https:\/\/morinsupply.ca\/fr\/products\/reparation-de-beton\/\" \/>\n<meta property=\"og:site_name\" content=\"Mat\u00e9riaux Morin\" \/>\n<meta property=\"article:publisher\" content=\"https:\/\/www.facebook.com\/MorinSupply\/\" \/>\n<meta property=\"article:modified_time\" content=\"2025-10-14T18:17:24+00:00\" \/>\n<meta property=\"og:image\" content=\"https:\/\/morinsupply.ca\/wp-content\/uploads\/2021\/10\/morin_reception_new.jpg\" \/>\n\t<meta property=\"og:image:width\" content=\"670\" \/>\n\t<meta property=\"og:image:height\" content=\"670\" \/>\n\t<meta property=\"og:image:type\" content=\"image\/jpeg\" \/>\n<meta name=\"twitter:card\" content=\"summary_large_image\" \/>\n<script type=\"application\/ld+json\" class=\"yoast-schema-graph\">{\"@context\":\"https:\\\/\\\/schema.org\",\"@graph\":[{\"@type\":\"WebPage\",\"@id\":\"https:\\\/\\\/morinsupply.ca\\\/fr\\\/products\\\/reparation-de-beton\\\/\",\"url\":\"https:\\\/\\\/morinsupply.ca\\\/fr\\\/products\\\/reparation-de-beton\\\/\",\"name\":\"R\u00e9paration de b\u00e9ton - Mat\u00e9riaux Morin\",\"isPartOf\":{\"@id\":\"https:\\\/\\\/morinsupply.ca\\\/#website\"},\"datePublished\":\"2021-06-16T19:24:30+00:00\",\"dateModified\":\"2025-10-14T18:17:24+00:00\",\"breadcrumb\":{\"@id\":\"https:\\\/\\\/morinsupply.ca\\\/fr\\\/products\\\/reparation-de-beton\\\/#breadcrumb\"},\"inLanguage\":\"fr-FR\",\"potentialAction\":[{\"@type\":\"ReadAction\",\"target\":[\"https:\\\/\\\/morinsupply.ca\\\/fr\\\/products\\\/reparation-de-beton\\\/\"]}]},{\"@type\":\"BreadcrumbList\",\"@id\":\"https:\\\/\\\/morinsupply.ca\\\/fr\\\/products\\\/reparation-de-beton\\\/#breadcrumb\",\"itemListElement\":[{\"@type\":\"ListItem\",\"position\":1,\"name\":\"Home\",\"item\":\"https:\\\/\\\/morinsupply.ca\\\/fr\\\/\"},{\"@type\":\"ListItem\",\"position\":2,\"name\":\"R\u00e9paration de b\u00e9ton\"}]},{\"@type\":\"WebSite\",\"@id\":\"https:\\\/\\\/morinsupply.ca\\\/#website\",\"url\":\"https:\\\/\\\/morinsupply.ca\\\/\",\"name\":\"Mat\u00e9riaux Morin\",\"description\":\"\",\"publisher\":{\"@id\":\"https:\\\/\\\/morinsupply.ca\\\/#organization\"},\"potentialAction\":[{\"@type\":\"SearchAction\",\"target\":{\"@type\":\"EntryPoint\",\"urlTemplate\":\"https:\\\/\\\/morinsupply.ca\\\/?s={search_term_string}\"},\"query-input\":{\"@type\":\"PropertyValueSpecification\",\"valueRequired\":true,\"valueName\":\"search_term_string\"}}],\"inLanguage\":\"fr-FR\"},{\"@type\":\"Organization\",\"@id\":\"https:\\\/\\\/morinsupply.ca\\\/#organization\",\"name\":\"Morin Supply\",\"url\":\"https:\\\/\\\/morinsupply.ca\\\/\",\"logo\":{\"@type\":\"ImageObject\",\"inLanguage\":\"fr-FR\",\"@id\":\"https:\\\/\\\/morinsupply.ca\\\/#\\\/schema\\\/logo\\\/image\\\/\",\"url\":\"https:\\\/\\\/morinsupply.ca\\\/wp-content\\\/uploads\\\/2021\\\/10\\\/morin_reception_new.jpg\",\"contentUrl\":\"https:\\\/\\\/morinsupply.ca\\\/wp-content\\\/uploads\\\/2021\\\/10\\\/morin_reception_new.jpg\",\"width\":670,\"height\":670,\"caption\":\"Morin Supply\"},\"image\":{\"@id\":\"https:\\\/\\\/morinsupply.ca\\\/#\\\/schema\\\/logo\\\/image\\\/\"},\"sameAs\":[\"https:\\\/\\\/www.facebook.com\\\/MorinSupply\\\/\",\"https:\\\/\\\/ca.linkedin.com\\\/company\\\/morinsupply\"]}]}<\/script>\n<!-- \/ Yoast SEO plugin. -->","yoast_head_json":{"title":"R\u00e9paration de b\u00e9ton - Mat\u00e9riaux Morin","robots":{"index":"index","follow":"follow","max-snippet":"max-snippet:-1","max-image-preview":"max-image-preview:large","max-video-preview":"max-video-preview:-1"},"canonical":"https:\/\/morinsupply.ca\/fr\/products\/reparation-de-beton\/","og_locale":"fr_FR","og_type":"article","og_title":"R\u00e9paration de b\u00e9ton - Mat\u00e9riaux Morin","og_url":"https:\/\/morinsupply.ca\/fr\/products\/reparation-de-beton\/","og_site_name":"Mat\u00e9riaux Morin","article_publisher":"https:\/\/www.facebook.com\/MorinSupply\/","article_modified_time":"2025-10-14T18:17:24+00:00","og_image":[{"width":670,"height":670,"url":"https:\/\/morinsupply.ca\/wp-content\/uploads\/2021\/10\/morin_reception_new.jpg","type":"image\/jpeg"}],"twitter_card":"summary_large_image","schema":{"@context":"https:\/\/schema.org","@graph":[{"@type":"WebPage","@id":"https:\/\/morinsupply.ca\/fr\/products\/reparation-de-beton\/","url":"https:\/\/morinsupply.ca\/fr\/products\/reparation-de-beton\/","name":"R\u00e9paration de b\u00e9ton - Mat\u00e9riaux Morin","isPartOf":{"@id":"https:\/\/morinsupply.ca\/#website"},"datePublished":"2021-06-16T19:24:30+00:00","dateModified":"2025-10-14T18:17:24+00:00","breadcrumb":{"@id":"https:\/\/morinsupply.ca\/fr\/products\/reparation-de-beton\/#breadcrumb"},"inLanguage":"fr-FR","potentialAction":[{"@type":"ReadAction","target":["https:\/\/morinsupply.ca\/fr\/products\/reparation-de-beton\/"]}]},{"@type":"BreadcrumbList","@id":"https:\/\/morinsupply.ca\/fr\/products\/reparation-de-beton\/#breadcrumb","itemListElement":[{"@type":"ListItem","position":1,"name":"Home","item":"https:\/\/morinsupply.ca\/fr\/"},{"@type":"ListItem","position":2,"name":"R\u00e9paration de b\u00e9ton"}]},{"@type":"WebSite","@id":"https:\/\/morinsupply.ca\/#website","url":"https:\/\/morinsupply.ca\/","name":"Mat\u00e9riaux Morin","description":"","publisher":{"@id":"https:\/\/morinsupply.ca\/#organization"},"potentialAction":[{"@type":"SearchAction","target":{"@type":"EntryPoint","urlTemplate":"https:\/\/morinsupply.ca\/?s={search_term_string}"},"query-input":{"@type":"PropertyValueSpecification","valueRequired":true,"valueName":"search_term_string"}}],"inLanguage":"fr-FR"},{"@type":"Organization","@id":"https:\/\/morinsupply.ca\/#organization","name":"Morin Supply","url":"https:\/\/morinsupply.ca\/","logo":{"@type":"ImageObject","inLanguage":"fr-FR","@id":"https:\/\/morinsupply.ca\/#\/schema\/logo\/image\/","url":"https:\/\/morinsupply.ca\/wp-content\/uploads\/2021\/10\/morin_reception_new.jpg","contentUrl":"https:\/\/morinsupply.ca\/wp-content\/uploads\/2021\/10\/morin_reception_new.jpg","width":670,"height":670,"caption":"Morin Supply"},"image":{"@id":"https:\/\/morinsupply.ca\/#\/schema\/logo\/image\/"},"sameAs":["https:\/\/www.facebook.com\/MorinSupply\/","https:\/\/ca.linkedin.com\/company\/morinsupply"]}]}},"_links":{"self":[{"href":"https:\/\/morinsupply.ca\/fr\/wp-json\/wp\/v2\/product\/3337","targetHints":{"allow":["GET"]}}],"collection":[{"href":"https:\/\/morinsupply.ca\/fr\/wp-json\/wp\/v2\/product"}],"about":[{"href":"https:\/\/morinsupply.ca\/fr\/wp-json\/wp\/v2\/types\/product"}],"wp:attachment":[{"href":"https:\/\/morinsupply.ca\/fr\/wp-json\/wp\/v2\/media?parent=3337"}],"curies":[{"name":"wp","href":"https:\/\/api.w.org\/{rel}","templated":true}]}}