{"id":3668,"date":"2022-10-27T14:53:34","date_gmt":"2022-10-27T18:53:34","guid":{"rendered":"https:\/\/morinsupply.ca\/?page_id=3668"},"modified":"2023-11-28T17:40:13","modified_gmt":"2023-11-28T22:40:13","slug":"politique-et-plan-daccessibilite","status":"publish","type":"page","link":"https:\/\/morinsupply.ca\/fr\/politique-et-plan-daccessibilite\/","title":{"rendered":"Politique et plan d&rsquo;accessibilit\u00e9"},"content":{"rendered":"","protected":false},"excerpt":{"rendered":"","protected":false},"author":2,"featured_media":0,"parent":0,"menu_order":0,"comment_status":"closed","ping_status":"closed","template":"","meta":{"_acf_changed":false,"footnotes":""},"class_list":["post-3668","page","type-page","status-publish","hentry"],"acf":[],"yoast_head":"<!-- This site is optimized with the Yoast SEO plugin v27.3 - https:\/\/yoast.com\/product\/yoast-seo-wordpress\/ -->\n<title>POLITIQUE ET PLAN D&#039;ACCESSIBILIT\u00c9<\/title>\n<meta name=\"description\" content=\"Cette politique de confidentialit\u00e9 gouverne les politiques et les pratiques de protection des renseignements personnels de ce site, \u00e0 l\u2019adresse morinsupply.ca\" \/>\n<meta name=\"robots\" content=\"index, follow, max-snippet:-1, max-image-preview:large, max-video-preview:-1\" \/>\n<link rel=\"canonical\" href=\"https:\/\/morinsupply.ca\/fr\/politique-et-plan-daccessibilite\/\" \/>\n<meta property=\"og:locale\" content=\"fr_FR\" \/>\n<meta property=\"og:type\" content=\"article\" \/>\n<meta property=\"og:title\" content=\"POLITIQUE ET PLAN D&#039;ACCESSIBILIT\u00c9\" \/>\n<meta property=\"og:description\" content=\"Cette politique de confidentialit\u00e9 gouverne les politiques et les pratiques de protection des renseignements personnels de ce site, \u00e0 l\u2019adresse morinsupply.ca\" \/>\n<meta property=\"og:url\" content=\"https:\/\/morinsupply.ca\/fr\/politique-et-plan-daccessibilite\/\" \/>\n<meta property=\"og:site_name\" content=\"Mat\u00e9riaux Morin\" \/>\n<meta property=\"article:publisher\" content=\"https:\/\/www.facebook.com\/MorinSupply\/\" \/>\n<meta property=\"article:modified_time\" content=\"2023-11-28T22:40:13+00:00\" \/>\n<meta property=\"og:image\" content=\"https:\/\/morinsupply.ca\/wp-content\/uploads\/2021\/10\/morin_reception_new.jpg\" \/>\n\t<meta property=\"og:image:width\" content=\"670\" \/>\n\t<meta property=\"og:image:height\" content=\"670\" \/>\n\t<meta property=\"og:image:type\" content=\"image\/jpeg\" \/>\n<meta name=\"twitter:card\" content=\"summary_large_image\" \/>\n<script type=\"application\/ld+json\" class=\"yoast-schema-graph\">{\"@context\":\"https:\\\/\\\/schema.org\",\"@graph\":[{\"@type\":\"WebPage\",\"@id\":\"https:\\\/\\\/morinsupply.ca\\\/fr\\\/politique-et-plan-daccessibilite\\\/\",\"url\":\"https:\\\/\\\/morinsupply.ca\\\/fr\\\/politique-et-plan-daccessibilite\\\/\",\"name\":\"POLITIQUE ET PLAN D'ACCESSIBILIT\u00c9\",\"isPartOf\":{\"@id\":\"https:\\\/\\\/morinsupply.ca\\\/#website\"},\"datePublished\":\"2022-10-27T18:53:34+00:00\",\"dateModified\":\"2023-11-28T22:40:13+00:00\",\"description\":\"Cette politique de confidentialit\u00e9 gouverne les politiques et les pratiques de protection des renseignements personnels de ce site, \u00e0 l\u2019adresse morinsupply.ca\",\"breadcrumb\":{\"@id\":\"https:\\\/\\\/morinsupply.ca\\\/fr\\\/politique-et-plan-daccessibilite\\\/#breadcrumb\"},\"inLanguage\":\"fr-FR\",\"potentialAction\":[{\"@type\":\"ReadAction\",\"target\":[\"https:\\\/\\\/morinsupply.ca\\\/fr\\\/politique-et-plan-daccessibilite\\\/\"]}]},{\"@type\":\"BreadcrumbList\",\"@id\":\"https:\\\/\\\/morinsupply.ca\\\/fr\\\/politique-et-plan-daccessibilite\\\/#breadcrumb\",\"itemListElement\":[{\"@type\":\"ListItem\",\"position\":1,\"name\":\"Home\",\"item\":\"https:\\\/\\\/morinsupply.ca\\\/fr\\\/\"},{\"@type\":\"ListItem\",\"position\":2,\"name\":\"Politique et plan d&#8217;accessibilit\u00e9\"}]},{\"@type\":\"WebSite\",\"@id\":\"https:\\\/\\\/morinsupply.ca\\\/#website\",\"url\":\"https:\\\/\\\/morinsupply.ca\\\/\",\"name\":\"Mat\u00e9riaux Morin\",\"description\":\"\",\"publisher\":{\"@id\":\"https:\\\/\\\/morinsupply.ca\\\/#organization\"},\"potentialAction\":[{\"@type\":\"SearchAction\",\"target\":{\"@type\":\"EntryPoint\",\"urlTemplate\":\"https:\\\/\\\/morinsupply.ca\\\/?s={search_term_string}\"},\"query-input\":{\"@type\":\"PropertyValueSpecification\",\"valueRequired\":true,\"valueName\":\"search_term_string\"}}],\"inLanguage\":\"fr-FR\"},{\"@type\":\"Organization\",\"@id\":\"https:\\\/\\\/morinsupply.ca\\\/#organization\",\"name\":\"Morin Supply\",\"url\":\"https:\\\/\\\/morinsupply.ca\\\/\",\"logo\":{\"@type\":\"ImageObject\",\"inLanguage\":\"fr-FR\",\"@id\":\"https:\\\/\\\/morinsupply.ca\\\/#\\\/schema\\\/logo\\\/image\\\/\",\"url\":\"https:\\\/\\\/morinsupply.ca\\\/wp-content\\\/uploads\\\/2021\\\/10\\\/morin_reception_new.jpg\",\"contentUrl\":\"https:\\\/\\\/morinsupply.ca\\\/wp-content\\\/uploads\\\/2021\\\/10\\\/morin_reception_new.jpg\",\"width\":670,\"height\":670,\"caption\":\"Morin Supply\"},\"image\":{\"@id\":\"https:\\\/\\\/morinsupply.ca\\\/#\\\/schema\\\/logo\\\/image\\\/\"},\"sameAs\":[\"https:\\\/\\\/www.facebook.com\\\/MorinSupply\\\/\",\"https:\\\/\\\/ca.linkedin.com\\\/company\\\/morinsupply\"]}]}<\/script>\n<!-- \/ Yoast SEO plugin. -->","yoast_head_json":{"title":"POLITIQUE ET PLAN D'ACCESSIBILIT\u00c9","description":"Cette politique de confidentialit\u00e9 gouverne les politiques et les pratiques de protection des renseignements personnels de ce site, \u00e0 l\u2019adresse morinsupply.ca","robots":{"index":"index","follow":"follow","max-snippet":"max-snippet:-1","max-image-preview":"max-image-preview:large","max-video-preview":"max-video-preview:-1"},"canonical":"https:\/\/morinsupply.ca\/fr\/politique-et-plan-daccessibilite\/","og_locale":"fr_FR","og_type":"article","og_title":"POLITIQUE ET PLAN D'ACCESSIBILIT\u00c9","og_description":"Cette politique de confidentialit\u00e9 gouverne les politiques et les pratiques de protection des renseignements personnels de ce site, \u00e0 l\u2019adresse morinsupply.ca","og_url":"https:\/\/morinsupply.ca\/fr\/politique-et-plan-daccessibilite\/","og_site_name":"Mat\u00e9riaux Morin","article_publisher":"https:\/\/www.facebook.com\/MorinSupply\/","article_modified_time":"2023-11-28T22:40:13+00:00","og_image":[{"width":670,"height":670,"url":"https:\/\/morinsupply.ca\/wp-content\/uploads\/2021\/10\/morin_reception_new.jpg","type":"image\/jpeg"}],"twitter_card":"summary_large_image","schema":{"@context":"https:\/\/schema.org","@graph":[{"@type":"WebPage","@id":"https:\/\/morinsupply.ca\/fr\/politique-et-plan-daccessibilite\/","url":"https:\/\/morinsupply.ca\/fr\/politique-et-plan-daccessibilite\/","name":"POLITIQUE ET PLAN D'ACCESSIBILIT\u00c9","isPartOf":{"@id":"https:\/\/morinsupply.ca\/#website"},"datePublished":"2022-10-27T18:53:34+00:00","dateModified":"2023-11-28T22:40:13+00:00","description":"Cette politique de confidentialit\u00e9 gouverne les politiques et les pratiques de protection des renseignements personnels de ce site, \u00e0 l\u2019adresse morinsupply.ca","breadcrumb":{"@id":"https:\/\/morinsupply.ca\/fr\/politique-et-plan-daccessibilite\/#breadcrumb"},"inLanguage":"fr-FR","potentialAction":[{"@type":"ReadAction","target":["https:\/\/morinsupply.ca\/fr\/politique-et-plan-daccessibilite\/"]}]},{"@type":"BreadcrumbList","@id":"https:\/\/morinsupply.ca\/fr\/politique-et-plan-daccessibilite\/#breadcrumb","itemListElement":[{"@type":"ListItem","position":1,"name":"Home","item":"https:\/\/morinsupply.ca\/fr\/"},{"@type":"ListItem","position":2,"name":"Politique et plan d&#8217;accessibilit\u00e9"}]},{"@type":"WebSite","@id":"https:\/\/morinsupply.ca\/#website","url":"https:\/\/morinsupply.ca\/","name":"Mat\u00e9riaux Morin","description":"","publisher":{"@id":"https:\/\/morinsupply.ca\/#organization"},"potentialAction":[{"@type":"SearchAction","target":{"@type":"EntryPoint","urlTemplate":"https:\/\/morinsupply.ca\/?s={search_term_string}"},"query-input":{"@type":"PropertyValueSpecification","valueRequired":true,"valueName":"search_term_string"}}],"inLanguage":"fr-FR"},{"@type":"Organization","@id":"https:\/\/morinsupply.ca\/#organization","name":"Morin Supply","url":"https:\/\/morinsupply.ca\/","logo":{"@type":"ImageObject","inLanguage":"fr-FR","@id":"https:\/\/morinsupply.ca\/#\/schema\/logo\/image\/","url":"https:\/\/morinsupply.ca\/wp-content\/uploads\/2021\/10\/morin_reception_new.jpg","contentUrl":"https:\/\/morinsupply.ca\/wp-content\/uploads\/2021\/10\/morin_reception_new.jpg","width":670,"height":670,"caption":"Morin Supply"},"image":{"@id":"https:\/\/morinsupply.ca\/#\/schema\/logo\/image\/"},"sameAs":["https:\/\/www.facebook.com\/MorinSupply\/","https:\/\/ca.linkedin.com\/company\/morinsupply"]}]}},"_links":{"self":[{"href":"https:\/\/morinsupply.ca\/fr\/wp-json\/wp\/v2\/pages\/3668","targetHints":{"allow":["GET"]}}],"collection":[{"href":"https:\/\/morinsupply.ca\/fr\/wp-json\/wp\/v2\/pages"}],"about":[{"href":"https:\/\/morinsupply.ca\/fr\/wp-json\/wp\/v2\/types\/page"}],"author":[{"embeddable":true,"href":"https:\/\/morinsupply.ca\/fr\/wp-json\/wp\/v2\/users\/2"}],"replies":[{"embeddable":true,"href":"https:\/\/morinsupply.ca\/fr\/wp-json\/wp\/v2\/comments?post=3668"}],"version-history":[{"count":5,"href":"https:\/\/morinsupply.ca\/fr\/wp-json\/wp\/v2\/pages\/3668\/revisions"}],"predecessor-version":[{"id":3907,"href":"https:\/\/morinsupply.ca\/fr\/wp-json\/wp\/v2\/pages\/3668\/revisions\/3907"}],"wp:attachment":[{"href":"https:\/\/morinsupply.ca\/fr\/wp-json\/wp\/v2\/media?parent=3668"}],"curies":[{"name":"wp","href":"https:\/\/api.w.org\/{rel}","templated":true}]}}